{"id":153,"date":"2026-03-26T15:47:35","date_gmt":"2026-03-26T15:47:35","guid":{"rendered":"https:\/\/www.izabelacierzynska.pl\/?page_id=153"},"modified":"2026-03-27T14:16:18","modified_gmt":"2026-03-27T14:16:18","slug":"front_page","status":"publish","type":"page","link":"http:\/\/www.izabelacierzynska.pl\/","title":{"rendered":"Strona g\u0142\u00f3wna"},"content":{"rendered":"\n\n\n\n\n\n\n\n\n\n\n\n\n\n\n\n\n\n","protected":false},"excerpt":{"rendered":"","protected":false},"author":1,"featured_media":0,"parent":0,"menu_order":0,"comment_status":"closed","ping_status":"closed","template":"","meta":{"saved_in_kubio":true,"_themeisle_gutenberg_block_has_review":false,"footnotes":""},"class_list":["post-153","page","type-page","status-publish","hentry"],"yoast_head":"<!-- This site is optimized with the Yoast SEO plugin v27.4 - https:\/\/yoast.com\/product\/yoast-seo-wordpress\/ -->\n<title>Strona g\u0142\u00f3wna - Izabela Cierzy\u0144ska<\/title>\n<meta name=\"robots\" content=\"index, follow, max-snippet:-1, max-image-preview:large, max-video-preview:-1\" \/>\n<link rel=\"canonical\" href=\"https:\/\/www.izabelacierzynska.pl\/\" \/>\n<meta property=\"og:locale\" content=\"pl_PL\" \/>\n<meta property=\"og:type\" content=\"article\" \/>\n<meta property=\"og:title\" content=\"Strona g\u0142\u00f3wna - Izabela Cierzy\u0144ska\" \/>\n<meta property=\"og:url\" content=\"https:\/\/www.izabelacierzynska.pl\/\" \/>\n<meta property=\"og:site_name\" content=\"Izabela Cierzy\u0144ska\" \/>\n<meta property=\"article:publisher\" content=\"https:\/\/www.facebook.com\/AkademiaTUS\" \/>\n<meta property=\"article:modified_time\" content=\"2026-03-27T14:16:18+00:00\" \/>\n<meta name=\"twitter:card\" content=\"summary_large_image\" \/>\n<meta name=\"twitter:label1\" content=\"Szacowany czas czytania\" \/>\n\t<meta name=\"twitter:data1\" content=\"4 minuty\" \/>\n<script type=\"application\/ld+json\" class=\"yoast-schema-graph\">{\"@context\":\"https:\\\/\\\/schema.org\",\"@graph\":[{\"@type\":\"WebPage\",\"@id\":\"https:\\\/\\\/www.izabelacierzynska.pl\\\/\",\"url\":\"https:\\\/\\\/www.izabelacierzynska.pl\\\/\",\"name\":\"Strona g\u0142\u00f3wna - Izabela Cierzy\u0144ska\",\"isPartOf\":{\"@id\":\"https:\\\/\\\/www.izabelacierzynska.pl\\\/#website\"},\"datePublished\":\"2026-03-26T15:47:35+00:00\",\"dateModified\":\"2026-03-27T14:16:18+00:00\",\"breadcrumb\":{\"@id\":\"https:\\\/\\\/www.izabelacierzynska.pl\\\/#breadcrumb\"},\"inLanguage\":\"pl-PL\",\"potentialAction\":[{\"@type\":\"ReadAction\",\"target\":[\"https:\\\/\\\/www.izabelacierzynska.pl\\\/\"]}]},{\"@type\":\"BreadcrumbList\",\"@id\":\"https:\\\/\\\/www.izabelacierzynska.pl\\\/#breadcrumb\",\"itemListElement\":[{\"@type\":\"ListItem\",\"position\":1,\"name\":\"Strona g\u0142\u00f3wna\",\"item\":\"https:\\\/\\\/www.izabelacierzynska.pl\\\/\"},{\"@type\":\"ListItem\",\"position\":2,\"name\":\"Strona g\u0142\u00f3wna\"}]},{\"@type\":\"WebSite\",\"@id\":\"https:\\\/\\\/www.izabelacierzynska.pl\\\/#website\",\"url\":\"https:\\\/\\\/www.izabelacierzynska.pl\\\/\",\"name\":\"www.izabelacierzynska.pl\",\"description\":\"Trenerka Treningu Umiej\u0119tno\u015bci Spo\u0142ecznych i Mentorka Nauczycieli\",\"publisher\":{\"@id\":\"https:\\\/\\\/www.izabelacierzynska.pl\\\/#organization\"},\"alternateName\":\"Iza Cierzy\u0144ska Trening Umiej\u0119tno\u015bci Spo\u0142ecznych TUS\",\"potentialAction\":[{\"@type\":\"SearchAction\",\"target\":{\"@type\":\"EntryPoint\",\"urlTemplate\":\"https:\\\/\\\/www.izabelacierzynska.pl\\\/?s={search_term_string}\"},\"query-input\":{\"@type\":\"PropertyValueSpecification\",\"valueRequired\":true,\"valueName\":\"search_term_string\"}}],\"inLanguage\":\"pl-PL\"},{\"@type\":\"Organization\",\"@id\":\"https:\\\/\\\/www.izabelacierzynska.pl\\\/#organization\",\"name\":\"www.izabelacierzynska.pl\",\"url\":\"https:\\\/\\\/www.izabelacierzynska.pl\\\/\",\"logo\":{\"@type\":\"ImageObject\",\"inLanguage\":\"pl-PL\",\"@id\":\"https:\\\/\\\/www.izabelacierzynska.pl\\\/#\\\/schema\\\/logo\\\/image\\\/\",\"url\":\"http:\\\/\\\/www.izabelacierzynska.pl\\\/wp-content\\\/uploads\\\/2026\\\/03\\\/logo-RGB-01.png\",\"contentUrl\":\"http:\\\/\\\/www.izabelacierzynska.pl\\\/wp-content\\\/uploads\\\/2026\\\/03\\\/logo-RGB-01.png\",\"width\":1825,\"height\":1454,\"caption\":\"www.izabelacierzynska.pl\"},\"image\":{\"@id\":\"https:\\\/\\\/www.izabelacierzynska.pl\\\/#\\\/schema\\\/logo\\\/image\\\/\"},\"sameAs\":[\"https:\\\/\\\/www.facebook.com\\\/AkademiaTUS\",\"https:\\\/\\\/www.instagram.com\\\/izabelacierzynska\\\/\",\"https:\\\/\\\/www.malowanykot.pl\\\/kurs-trener-tus-online\\\/\"]}]}<\/script>\n<!-- \/ Yoast SEO plugin. -->","yoast_head_json":{"title":"Strona g\u0142\u00f3wna - Izabela Cierzy\u0144ska","robots":{"index":"index","follow":"follow","max-snippet":"max-snippet:-1","max-image-preview":"max-image-preview:large","max-video-preview":"max-video-preview:-1"},"canonical":"https:\/\/www.izabelacierzynska.pl\/","og_locale":"pl_PL","og_type":"article","og_title":"Strona g\u0142\u00f3wna - Izabela Cierzy\u0144ska","og_url":"https:\/\/www.izabelacierzynska.pl\/","og_site_name":"Izabela Cierzy\u0144ska","article_publisher":"https:\/\/www.facebook.com\/AkademiaTUS","article_modified_time":"2026-03-27T14:16:18+00:00","twitter_card":"summary_large_image","twitter_misc":{"Szacowany czas czytania":"4 minuty"},"schema":{"@context":"https:\/\/schema.org","@graph":[{"@type":"WebPage","@id":"https:\/\/www.izabelacierzynska.pl\/","url":"https:\/\/www.izabelacierzynska.pl\/","name":"Strona g\u0142\u00f3wna - Izabela Cierzy\u0144ska","isPartOf":{"@id":"https:\/\/www.izabelacierzynska.pl\/#website"},"datePublished":"2026-03-26T15:47:35+00:00","dateModified":"2026-03-27T14:16:18+00:00","breadcrumb":{"@id":"https:\/\/www.izabelacierzynska.pl\/#breadcrumb"},"inLanguage":"pl-PL","potentialAction":[{"@type":"ReadAction","target":["https:\/\/www.izabelacierzynska.pl\/"]}]},{"@type":"BreadcrumbList","@id":"https:\/\/www.izabelacierzynska.pl\/#breadcrumb","itemListElement":[{"@type":"ListItem","position":1,"name":"Strona g\u0142\u00f3wna","item":"https:\/\/www.izabelacierzynska.pl\/"},{"@type":"ListItem","position":2,"name":"Strona g\u0142\u00f3wna"}]},{"@type":"WebSite","@id":"https:\/\/www.izabelacierzynska.pl\/#website","url":"https:\/\/www.izabelacierzynska.pl\/","name":"www.izabelacierzynska.pl","description":"Trenerka Treningu Umiej\u0119tno\u015bci Spo\u0142ecznych i Mentorka Nauczycieli","publisher":{"@id":"https:\/\/www.izabelacierzynska.pl\/#organization"},"alternateName":"Iza Cierzy\u0144ska Trening Umiej\u0119tno\u015bci Spo\u0142ecznych TUS","potentialAction":[{"@type":"SearchAction","target":{"@type":"EntryPoint","urlTemplate":"https:\/\/www.izabelacierzynska.pl\/?s={search_term_string}"},"query-input":{"@type":"PropertyValueSpecification","valueRequired":true,"valueName":"search_term_string"}}],"inLanguage":"pl-PL"},{"@type":"Organization","@id":"https:\/\/www.izabelacierzynska.pl\/#organization","name":"www.izabelacierzynska.pl","url":"https:\/\/www.izabelacierzynska.pl\/","logo":{"@type":"ImageObject","inLanguage":"pl-PL","@id":"https:\/\/www.izabelacierzynska.pl\/#\/schema\/logo\/image\/","url":"http:\/\/www.izabelacierzynska.pl\/wp-content\/uploads\/2026\/03\/logo-RGB-01.png","contentUrl":"http:\/\/www.izabelacierzynska.pl\/wp-content\/uploads\/2026\/03\/logo-RGB-01.png","width":1825,"height":1454,"caption":"www.izabelacierzynska.pl"},"image":{"@id":"https:\/\/www.izabelacierzynska.pl\/#\/schema\/logo\/image\/"},"sameAs":["https:\/\/www.facebook.com\/AkademiaTUS","https:\/\/www.instagram.com\/izabelacierzynska\/","https:\/\/www.malowanykot.pl\/kurs-trener-tus-online\/"]}]}},"kubio_ai_page_context":{"short_desc":"","purpose":"general","isFrontPage":true},"_links":{"self":[{"href":"http:\/\/www.izabelacierzynska.pl\/index.php?rest_route=\/wp\/v2\/pages\/153","targetHints":{"allow":["GET"]}}],"collection":[{"href":"http:\/\/www.izabelacierzynska.pl\/index.php?rest_route=\/wp\/v2\/pages"}],"about":[{"href":"http:\/\/www.izabelacierzynska.pl\/index.php?rest_route=\/wp\/v2\/types\/page"}],"author":[{"embeddable":true,"href":"http:\/\/www.izabelacierzynska.pl\/index.php?rest_route=\/wp\/v2\/users\/1"}],"replies":[{"embeddable":true,"href":"http:\/\/www.izabelacierzynska.pl\/index.php?rest_route=%2Fwp%2Fv2%2Fcomments&post=153"}],"version-history":[{"count":11,"href":"http:\/\/www.izabelacierzynska.pl\/index.php?rest_route=\/wp\/v2\/pages\/153\/revisions"}],"predecessor-version":[{"id":276,"href":"http:\/\/www.izabelacierzynska.pl\/index.php?rest_route=\/wp\/v2\/pages\/153\/revisions\/276"}],"wp:attachment":[{"href":"http:\/\/www.izabelacierzynska.pl\/index.php?rest_route=%2Fwp%2Fv2%2Fmedia&parent=153"}],"curies":[{"name":"wp","href":"https:\/\/api.w.org\/{rel}","templated":true}]}}